{"id":2538,"date":"2018-02-12T08:08:20","date_gmt":"2018-02-12T08:08:20","guid":{"rendered":"http:\/\/www.jupojostechnika.eu\/en\/?page_id=2538"},"modified":"2020-08-06T12:17:26","modified_gmt":"2020-08-06T09:17:26","slug":"dinex-workshops","status":"publish","type":"page","link":"https:\/\/jupojostechnika.eu\/en\/dinex-workshops\/","title":{"rendered":"DINEX workshops"},"content":{"rendered":"<p>In 2018-01-24,\u00a0Aivis Grotuzis, a representative of the international company DINEX, introduced the evolution and structure of the exhaust systems of trucks, the features of the restoration of Euro 4\/5 and Euro 6 systems.\u00a0Trusted service certificates\u00a0proving the correct knowledge of the restoration and replacement of \u201cDinex\u201d systems and professional work were presented to\u00a0the following companies:<\/p>\n<p>VILNIUS:<\/p>\n<p><a href=\"http:\/\/www.autoverslas.lt\/lt\/\" target=\"_blank\" rel=\"noopener noreferrer\">\u201cAutoverslo sunkve\u017eimi\u0173 servisas\u201d<\/a> &#8211; Ugniagesi\u0173 g. 14, LT-02244 Vilnius<\/p>\n<p>KAUNAS:<\/p>\n<p><a href=\"http:\/\/www.ivetra.lt\/\" target=\"_blank\" rel=\"noopener noreferrer\">\u201cIvetra ir Ko\u201d<\/a> &#8211;\u00a0Marijampol\u0117s g. 23, Pagiri\u0173 k., Garliavos apyl., Kauno raj., LT-53282<\/p>\n<p>KLAIP\u0116DA:<\/p>\n<p><a href=\"https:\/\/www.facebook.com\/klaipedosautoservisas\/\" target=\"_blank\" rel=\"noopener noreferrer\">\u201cKlaip\u0117dos autoservisas\u201d<\/a> &#8211;\u00a0Svajon\u0117s g. 24, LT-94101 Klaip\u0117da<\/p>\n<p>\u0160IAULIAI:<\/p>\n<p>\u201cBustrade\u201d\/\u201dTruckLink\u201d &#8211;\u00a0Auk\u0161traki\u0173 g. 30, Sutk\u016bn\u0173 k., LT-76116 \u0160iauli\u0173 raj.<\/p>\n<p><a href=\"http:\/\/www.departus.lt\" target=\"_blank\" rel=\"noopener noreferrer\">\u201cDepartus\u201d<\/a> &#8211;\u00a0Metalist\u0173 g. 8, LT-78136, \u0160iauliai<\/p>\n<p>PANEV\u0116\u017dYS:<\/p>\n<p>&#8220;Kelio servisas Panev\u0117\u017eyje&#8221; &#8211;\u00a0Klaip\u0117dos g. 64,\u00a0Panev\u0117\u017eys<\/p>\n<p>MARIJAMPOL\u0116:<\/p>\n<p>&#8220;Reptoma&#8221;\u00a0&#8211; Birut\u0117s g. 22, Traki\u0161ki\u0173 k., LT-69315 Kalvarija<\/p>\n<p>UTENA:<\/p>\n<p>&#8220;Kelio servisas Utenoje&#8221; &#8211; Metalo g. 9D, Utena<\/p>\n<p>TEL\u0160IAI:<\/p>\n<p>&#8220;Ecotrailers&#8221;\u00a0&#8211; \u0160iauli\u0173 pl. 16, LT-87101 Tel\u0161iai<\/p>\n<p>TAURAG\u0116:<\/p>\n<p>&#8220;Ginara autoservisas&#8221;\u00a0&#8211; Pramon\u0117s g. 16E, LT-72323 Taurag\u0117<\/p>\n<p>DRUSKININKAI:<\/p>\n<p><a href=\"https:\/\/www.transeta.lt\/\" target=\"_blank\" rel=\"noopener noreferrer\">&#8220;Transeta&#8221;<\/a>\u00a0&#8211; Gardino g. 76A, LT-66225 Druskininkai<\/p>\n<p><strong>BALTARUSIJA<\/strong>:<\/p>\n<p><a href=\"http:\/\/www.trailer.by\" target=\"_blank\" rel=\"noopener noreferrer\">&#8220;GarantTrade&#8221;<\/a> &#8211;\u00a0\u00a0\u043f\/\u0443 \u041a\u043e\u043b\u044f\u0434\u0438\u0447\u0438, \u0443\u043b.\u0411\u0430\u0431\u0443\u0448\u043a\u0438\u043d\u0430, \u0434. 17, BY-220024 Minsk<\/p>\n<p><strong>BELGIJA<\/strong>:<\/p>\n<p><a href=\"https:\/\/departus.lt\/departustruckservice-lt\/\" target=\"_blank\" rel=\"noopener noreferrer\">\u201cDepartus Truck Service\u201d<\/a> &#8211;\u00a0Dijkstraat 9A, Lokeren 9160<\/p>\n<p><a href=\"http:\/\/voltronas.lt\/\" target=\"_blank\" rel=\"noopener noreferrer\">\u201cVoltronas\u201d<\/a> &#8211;\u00a0Chemin Royal 10, 7181 Familleureux<\/p>\n<p><strong>LATVIJA<\/strong>:<\/p>\n<p><a href=\"http:\/\/www.unitruck.lv\" target=\"_blank\" rel=\"noopener noreferrer\">&#8220;Unitruck&#8221;<\/a>\u00a0&#8211; Piebalgas iela 95, LV-4101 C\u0113sis<\/p>\n<p><strong>VOKIETIJA<\/strong>:<\/p>\n<p><a href=\"https:\/\/departus.lt\/departustruckservice-lt\/\" target=\"_blank\" rel=\"noopener noreferrer\">\u201cDepartus Truck Service\u201d<\/a> &#8211;\u00a0Alte Helmbrechtser Str. 103, D-95030 Hof<\/p>\n","protected":false},"excerpt":{"rendered":"<p>In 2018-01-24,\u00a0Aivis Grotuzis, a representative of the international company DINEX, introduced the evolution and structure of the exhaust systems of trucks, the features of the restoration of Euro 4\/5 and Euro 6 systems.\u00a0Trusted service certificates\u00a0proving the correct knowledge of the restoration and replacement of \u201cDinex\u201d systems and professional work were presented to\u00a0the following companies: VILNIUS: [&hellip;]<\/p>\n","protected":false},"author":1,"featured_media":0,"parent":0,"menu_order":0,"comment_status":"closed","ping_status":"closed","template":"","meta":{"om_disable_all_campaigns":false,"_monsterinsights_skip_tracking":false,"_monsterinsights_sitenote_active":false,"_monsterinsights_sitenote_note":"","_monsterinsights_sitenote_category":0},"acf":[],"aioseo_notices":[],"_links":{"self":[{"href":"https:\/\/jupojostechnika.eu\/en\/wp-json\/wp\/v2\/pages\/2538"}],"collection":[{"href":"https:\/\/jupojostechnika.eu\/en\/wp-json\/wp\/v2\/pages"}],"about":[{"href":"https:\/\/jupojostechnika.eu\/en\/wp-json\/wp\/v2\/types\/page"}],"author":[{"embeddable":true,"href":"https:\/\/jupojostechnika.eu\/en\/wp-json\/wp\/v2\/users\/1"}],"replies":[{"embeddable":true,"href":"https:\/\/jupojostechnika.eu\/en\/wp-json\/wp\/v2\/comments?post=2538"}],"version-history":[{"count":3,"href":"https:\/\/jupojostechnika.eu\/en\/wp-json\/wp\/v2\/pages\/2538\/revisions"}],"predecessor-version":[{"id":6856,"href":"https:\/\/jupojostechnika.eu\/en\/wp-json\/wp\/v2\/pages\/2538\/revisions\/6856"}],"wp:attachment":[{"href":"https:\/\/jupojostechnika.eu\/en\/wp-json\/wp\/v2\/media?parent=2538"}],"curies":[{"name":"wp","href":"https:\/\/api.w.org\/{rel}","templated":true}]}}