{"id":286,"date":"2016-05-26T14:53:49","date_gmt":"2016-05-26T14:53:49","guid":{"rendered":"http:\/\/naujas.jupojostechnika.eu\/en\/about-us\/istorija\/"},"modified":"2023-12-12T15:42:55","modified_gmt":"2023-12-12T12:42:55","slug":"history","status":"publish","type":"page","link":"https:\/\/jupojostechnika.eu\/en\/about-us\/history\/","title":{"rendered":"History"},"content":{"rendered":"<p><b>1922<\/b> &#8211; Though UAB \u201eJupojos technika\u201c has the history of more than two decades, the roots of this business in \u0160iauliai reach the beginning of the last century \u2013 the oldest photography with the view of \u201eLiet\u016bkis\u201c wholesale warehouses was made in 1922. After the war \u201eLiet\u016bkis&#8221; was reorganized to \u201e\u017demtiekimo baz\u0117&#8221; (Agro-supply depot).<\/p>\n<p><b><a href=\"https:\/\/www.jupojostechnika.eu\/wp-content\/uploads\/2016\/05\/istorija.png\" rel=\"lightbox[286]\"><img loading=\"lazy\" class=\"alignright wp-image-118 size-medium\" src=\"\/wp-content\/uploads\/2016\/05\/istorija-300x197.png\" alt=\"istorija\" width=\"300\" height=\"197\" srcset=\"https:\/\/jupojostechnika.eu\/wp-content\/uploads\/2016\/05\/istorija-300x197.png 300w, https:\/\/jupojostechnika.eu\/wp-content\/uploads\/2016\/05\/istorija-240x158.png 240w, https:\/\/jupojostechnika.eu\/wp-content\/uploads\/2016\/05\/istorija-152x100.png 152w, https:\/\/jupojostechnika.eu\/wp-content\/uploads\/2016\/05\/istorija.png 587w\" sizes=\"(max-width: 300px) 100vw, 300px\" \/><\/a>1953<\/b> &#8211; A building was built, which, after renovation, today is UAB \u201eJupojos technika\u201d headquarters in Lithuania.<\/p>\n<p><b>1961<\/b> &#8211; Here is established \u201eLietuvos \u017eem\u0117s \u016bkio technikos&#8221; (Lithuanian agricultural technique) interregional depot in \u0160iauliai.<\/p>\n<p><b>1992<\/b> &#8211; Establishment of AB \u201e\u0160iauli\u0173 \u017eem\u0117s \u016bkio technika\u201d wich was the basis for Jupoja association. Start of trading of the CIS and Western European trucks and agricultural machinery spare parts, tires. First commercial intercourses are made with strong German, French, English spare parts suppliers.<\/p>\n<p><b>1998<\/b> &#8211; UAB \u201e\u0160iauli\u0173 \u017eem\u0117s \u016bkio technikos Autodetal\u0117s\u201d is established. Company expands pointing its activity to the market of spare parts for the western cargo vehicles and tires for various technique.<\/p>\n<p><b>2001<\/b> &#8211; The first subdivision is opened in Klaip\u0117da.<\/p>\n<p><b>2004<\/b> &#8211; In the autumn of this year awarded with the symbolic key that signs the opening of the renovated building that was built in 1953. The headquarters are moved to restored and broader workspace.<\/p>\n<p><b>2005<\/b> &#8211; The company is growing fast and expands its warehouses. A logistics depot is built in \u0160iauliai. This step expands local storage area to more than 2000 m\u00b2.<\/p>\n<p><b>2005<\/b> &#8211; Two subdivisions established in Vilnius and Alytus. The latter is closed in the autumn of 2008 under the influence of the economical crisis that relentlessly struck carriers of this region.<\/p>\n<p><b>2006<\/b> &#8211; Started operating export department.<\/p>\n<p><b>2006<\/b> &#8211; A new subdivision starts acting in Marijampol\u0117, allowing to fulfill the needs of the cargo companies of this Lithuanian region.<\/p>\n<p><b>2007<\/b> &#8211; Expansion to Latvian market. Opening of UAB \u201eJupojos technika\u201c filiale Latvija.<\/p>\n<p><b>2008<\/b> &#8211; Two subdivisions start activity in Kaunas and Panev\u0117\u017eys.<\/p>\n<p><b>2009<\/b> &#8211; UAB \u201eJupojos technika\u201d is one of the strongest companies in Lithuania and Latvia, trading spare parts, tires and equipment for the heavy and specialized transport. There are 7 active subdivisions in these countries.<\/p>\n<p><b>2010<\/b> &#8211; Developed and presented to customers electronic trading system.<\/p>\n<p><b>2010<\/b> &#8211; In January the company began to work with a partner UAB \u201eAutodis\u201c from Alytus.<\/p>\n<p><b>2010<\/b> &#8211; A new subdivision opened in K\u0117dainiai.<\/p>\n<p><b>2011<\/b> &#8211; UAB Jupojos technika has received awards for &#8220;Strongest in Lithuania 2011&#8221; and &#8220;Successful business enterprise in 2010 (recognition of small and medium companies)&#8221;.<\/p>\n<p><b>2012<\/b> &#8211; UAB Jupojos technika has become the official distributor of Baldwin Filters in these countries: Lithuania, Latvia, Belarus, Ukraine, Moldavia, Kazakhstan, Azerbaijan, Georgia, Armenia, region of Kaliningrad.<\/p>\n<p><b>2014<\/b> &#8211; In January opened a new, modern, conforming to the latest trends in storage to fit a sharp rise in enterprise storage needs of logistics warehouse (1800 m\u00b2).<\/p>\n<p><b>2014<\/b> &#8211; UAB \u201eJupojos technika\u201d has been found to the Management System ISO 9001:2008 Standard.<\/p>\n<p><b>2014<\/b> &#8211; In spring a new shop opened in Vilnius.<\/p>\n<p><b>2014<\/b> &#8211; On 8th of April UAB &#8220;Jupojos technika&#8221; became a member of Lithuanian Automotive Export Association (LAuGEA).<\/p>\n<p><b>2014<\/b> &#8211; In June the company began to work with a partner UAB \u201eAgrospektras\u201c from Ma\u017eeikiai.<\/p>\n<p><b>2014<\/b> &#8211; In June the company began to work with a partner UAB \u201eRytas\u201c in Marijampol\u0117. UAB &#8220;Jupojos technika&#8221; subdivision in this town has been closed.<\/p>\n<p><b>2014<\/b> &#8211; In June the company began to work with a partner UAB \u201eALT Trans\u201c from Daugavpils (Latvia).<\/p>\n<p><b>2014<\/b> &#8211; In autumn a subdivision opened in Utena.<\/p>\n<p><b><a href=\"https:\/\/www.jupojostechnika.eu\/\/wp-content\/uploads\/2019\/08\/jupojostechnika_hq.jpg\" rel=\"lightbox[286]\"><img loading=\"lazy\" class=\"alignright wp-image-3922 size-medium\" src=\"\/wp-content\/uploads\/2019\/08\/jupojostechnika_hq-300x168.jpg\" alt=\"\" width=\"300\" height=\"168\" srcset=\"https:\/\/jupojostechnika.eu\/wp-content\/uploads\/2019\/08\/jupojostechnika_hq-300x168.jpg 300w, https:\/\/jupojostechnika.eu\/wp-content\/uploads\/2019\/08\/jupojostechnika_hq-240x135.jpg 240w, https:\/\/jupojostechnika.eu\/wp-content\/uploads\/2019\/08\/jupojostechnika_hq-178x100.jpg 178w, https:\/\/jupojostechnika.eu\/wp-content\/uploads\/2019\/08\/jupojostechnika_hq.jpg 1000w\" sizes=\"(max-width: 300px) 100vw, 300px\" \/><\/a>2015<\/b> &#8211; In spring company&#8217;s headquarters with the spare parts shop were moved to the new modern building.<\/p>\n<p><b>2015<\/b> &#8211; On 1st of July by the decision of the Board Raimundas Vai\u0161vilas becomes a company director. Algirdas Vai\u0161vilas is elected as Chairman of the Board.<\/p>\n<p><b>2015<\/b>&nbsp;&#8211; In August the company began to work with a partner UAB \u201eHira\u201c in Panev\u0117\u017eys. UAB &#8220;Jupojos technika&#8221; subdivision in this town has been closed.<\/p>\n<p><b>2016<\/b>&nbsp;&#8211; On 1st of February our partners UAB &#8220;Marijampol\u0117s &#8220;Jupojos technika&#8221; have opened a shop in Marijampol\u0117.<\/p>\n<p><b>2016<\/b>&nbsp;&#8211; Company becomes a member of association &#8220;Nexus Automotive International&#8221;.<\/p>\n<p><strong>2018<\/strong> &#8211; Establishment of \u201cNexusTruck\u201d \u2013 an independent network of heavy duty vehicle spare parts stores and repair services (workshops). Network is operating in Lithuania, Belgium, Norway and Germany.<\/p>\n<p><strong>2019<\/strong> &#8211; An independent network of heavy duty vehicle spare parts stores and workshops &#8211; \u201cBaltic Truck\u201d was established. Network is operating in Latvia.<\/p>\n<p><strong>2019<\/strong> &#8211; Rekvizitai.LT presented the award for business stability &#8220;TOP company 2019&#8221;.&nbsp;<\/p>\n<p><strong>2022<\/strong> &#8211; Rekvizitai.LT presented the award for business stability &#8220;TOP company 2021&#8221;. <img loading=\"lazy\" class=\"wp-image-15633 size-thumbnail alignright\" src=\"\/wp-content\/uploads\/2021\/12\/top_logo_21_200px_en-150x150.png\" alt=\"\" width=\"150\" height=\"150\" srcset=\"https:\/\/jupojostechnika.eu\/wp-content\/uploads\/2021\/12\/top_logo_21_200px_en-150x150.png 150w, https:\/\/jupojostechnika.eu\/wp-content\/uploads\/2021\/12\/top_logo_21_200px_en-163x163.png 163w, https:\/\/jupojostechnika.eu\/wp-content\/uploads\/2021\/12\/top_logo_21_200px_en-100x100.png 100w, https:\/\/jupojostechnika.eu\/wp-content\/uploads\/2021\/12\/top_logo_21_200px_en.png 200w\" sizes=\"(max-width: 150px) 100vw, 150px\" \/><\/p>\n\n\n<p><strong>2023<\/strong> &#8211; Have been awarded and certified by <a href=\"https:\/\/inteliam.eu\/\" target=\"_blank\" rel=\"noopener\">&#8220;Inteliam&#8221;<\/a>.<\/p>\n<p><b>2023 <\/b>&#8211; Have been awarded by <a href=\"https:\/\/okredo.co.uk\/en-gb\" target=\"_blank\" rel=\"noopener\">&#8220;Okredo&#8221;<\/a> with certificate &#8220;A+ European Business Masters 2023&#8221;.<img loading=\"lazy\" class=\"wp-image-17795  alignright\" src=\"\/wp-content\/uploads\/2023\/12\/EBM_EN_200px.gif\" alt=\"\" width=\"155\" height=\"155\" \/><\/p>\n","protected":false},"excerpt":{"rendered":"<p>1922 &#8211; Though UAB \u201eJupojos technika\u201c has the history of more than two decades, the roots of this business in \u0160iauliai reach the beginning of the last century \u2013 the oldest photography with the view of \u201eLiet\u016bkis\u201c wholesale warehouses was made in 1922. After the war \u201eLiet\u016bkis&#8221; was reorganized to \u201e\u017demtiekimo baz\u0117&#8221; (Agro-supply depot). 1953 [&hellip;]<\/p>\n","protected":false},"author":1,"featured_media":0,"parent":264,"menu_order":0,"comment_status":"closed","ping_status":"closed","template":"","meta":{"om_disable_all_campaigns":false,"_monsterinsights_skip_tracking":false,"_monsterinsights_sitenote_active":false,"_monsterinsights_sitenote_note":"","_monsterinsights_sitenote_category":0},"acf":[],"aioseo_notices":[],"_links":{"self":[{"href":"https:\/\/jupojostechnika.eu\/en\/wp-json\/wp\/v2\/pages\/286"}],"collection":[{"href":"https:\/\/jupojostechnika.eu\/en\/wp-json\/wp\/v2\/pages"}],"about":[{"href":"https:\/\/jupojostechnika.eu\/en\/wp-json\/wp\/v2\/types\/page"}],"author":[{"embeddable":true,"href":"https:\/\/jupojostechnika.eu\/en\/wp-json\/wp\/v2\/users\/1"}],"replies":[{"embeddable":true,"href":"https:\/\/jupojostechnika.eu\/en\/wp-json\/wp\/v2\/comments?post=286"}],"version-history":[{"count":10,"href":"https:\/\/jupojostechnika.eu\/en\/wp-json\/wp\/v2\/pages\/286\/revisions"}],"predecessor-version":[{"id":17800,"href":"https:\/\/jupojostechnika.eu\/en\/wp-json\/wp\/v2\/pages\/286\/revisions\/17800"}],"up":[{"embeddable":true,"href":"https:\/\/jupojostechnika.eu\/en\/wp-json\/wp\/v2\/pages\/264"}],"wp:attachment":[{"href":"https:\/\/jupojostechnika.eu\/en\/wp-json\/wp\/v2\/media?parent=286"}],"curies":[{"name":"wp","href":"https:\/\/api.w.org\/{rel}","templated":true}]}}